{"id":219,"date":"2025-10-28T22:25:04","date_gmt":"2025-10-29T01:25:04","guid":{"rendered":"https:\/\/sunlinks.com.br\/?page_id=219"},"modified":"2026-01-07T11:49:26","modified_gmt":"2026-01-07T14:49:26","slug":"parceria","status":"publish","type":"page","link":"https:\/\/www.sunlinks.com.br\/index.php\/parceria\/","title":{"rendered":"Parceria"},"content":{"rendered":"<p><span class=\"T286Pc\" data-sfc-cp=\"\" data-processed=\"true\">\u00c9 parceira de neg\u00f3cios da Engie Brasil Energia, l\u00edder em gera\u00e7\u00e3o, comercializa\u00e7\u00e3o e transmiss\u00e3o de energia el\u00e9trica renov\u00e1vel.<\/span><\/p>\n<h2 class=\"main-title title-giga bold text-center\" style=\"text-align: center;\">O mundo est\u00e1 mudando,<br \/>\ne com ele toda a nossa energia.<\/h2>\n<p><img loading=\"lazy\" decoding=\"async\" class=\"alignnone size-full wp-image-321\" src=\"http:\/\/sunlinks.com.br\/wp-content\/uploads\/2026\/01\/Sunlinks-web-06.png\" alt=\"\" width=\"1710\" height=\"1282\" srcset=\"https:\/\/www.sunlinks.com.br\/wp-content\/uploads\/2026\/01\/Sunlinks-web-06.png 1710w, https:\/\/www.sunlinks.com.br\/wp-content\/uploads\/2026\/01\/Sunlinks-web-06-300x225.png 300w, https:\/\/www.sunlinks.com.br\/wp-content\/uploads\/2026\/01\/Sunlinks-web-06-1024x768.png 1024w, https:\/\/www.sunlinks.com.br\/wp-content\/uploads\/2026\/01\/Sunlinks-web-06-768x576.png 768w, https:\/\/www.sunlinks.com.br\/wp-content\/uploads\/2026\/01\/Sunlinks-web-06-1536x1152.png 1536w, https:\/\/www.sunlinks.com.br\/wp-content\/uploads\/2026\/01\/Sunlinks-web-06-560x420.png 560w, https:\/\/www.sunlinks.com.br\/wp-content\/uploads\/2026\/01\/Sunlinks-web-06-80x60.png 80w, https:\/\/www.sunlinks.com.br\/wp-content\/uploads\/2026\/01\/Sunlinks-web-06-150x112.png 150w, https:\/\/www.sunlinks.com.br\/wp-content\/uploads\/2026\/01\/Sunlinks-web-06-696x522.png 696w, https:\/\/www.sunlinks.com.br\/wp-content\/uploads\/2026\/01\/Sunlinks-web-06-1068x801.png 1068w\" sizes=\"auto, (max-width: 1710px) 100vw, 1710px\" \/><\/p>\n<p>No Brasil, a ENGIE, uma das l\u00edderes em energia renov\u00e1vel do pa\u00eds, atua em gera\u00e7\u00e3o, comercializa\u00e7\u00e3o e transmiss\u00e3o de energia el\u00e9trica, transporte de g\u00e1s e solu\u00e7\u00f5es energ\u00e9ticas. Com capacidade instalada pr\u00f3pria de cerca de 13 GW em 120 usinas, o que representa cerca de 5% da capacidade nacional, a empresa possui 100% de sua capacidade instalada proveniente de fontes renov\u00e1veis e com baixas emiss\u00f5es de Gases de Efeito Estufa (GEE), como usinas hidrel\u00e9tricas, e\u00f3licas, solares e a biomassa.<\/p>\n<section class=\"section-paragraph-03 page-margin\">\n<div class=\"wrapper d-flex flex-column\">\n<div class=\"paragraphs-03 d-flex flex-column\">\n<p class=\"main-paragraph title-hecto\">A ENGIE \u00e9 tamb\u00e9m a detentora da mais extensa malha de transporte de g\u00e1s natural do pa\u00eds, com 4.500 km, que atravessam 10 estados e cerca de 200 munic\u00edpios, gra\u00e7as \u00e0 aquisi\u00e7\u00e3o da Transportadora Associada de G\u00e1s &#8211; TAG, conclu\u00edda em 2020.<\/p>\n<p class=\"main-paragraph title-hecto\">Al\u00e9m disso, a ENGIE possui um portf\u00f3lio completo em solu\u00e7\u00f5es integradas respons\u00e1veis por reduzir custos, emiss\u00f5es e melhorar infraestruturas para empresas, como ar comprimido, autoprodu\u00e7\u00e3o solar local, biog\u00e1s e biomassa, consultoria e gest\u00e3o de energia, HVAC e subesta\u00e7\u00f5es. Nas cidades, atuamos como parceira para tornar os espa\u00e7os urbanos mais eficientes e sustent\u00e1veis, com solu\u00e7\u00f5es de ilumina\u00e7\u00e3o p\u00fablica, mobilidade el\u00e9trica e de district cooling.<\/p>\n<p class=\"main-paragraph title-hecto\">Contando com 2.800 colaboradores, a ENGIE teve no pa\u00eds em 2024 um faturamento de R$ 12,3 bilh\u00f5es.<\/p>\n<p class=\"main-paragraph title-hecto\">A ENGIE est\u00e1 presente na B3 por meio de sua empresa de gera\u00e7\u00e3o e comercializa\u00e7\u00e3o de energia cujo ticker \u00e9 o EGIE3. Na B3, a ENGIE integra o Novo Mercado, al\u00e9m de ser uma das \u00fanicas companhias listadas no \u00cdndice de Sustentabilidade Empresarial desde o in\u00edcio do ISE, em 2005. Em 2021, a B3 incluiu os papeis da ENGIE no \u00cdndice Carbono Eficiente (ICO2), composto pelas a\u00e7\u00f5es das empresas participantes do IBrX 100 que possuem maior transpar\u00eancia em rela\u00e7\u00e3o ao reporte das emiss\u00f5es dos GEE e de como est\u00e3o se preparando para uma economia de baixo carbono.<\/p>\n<\/div>\n<\/div>\n<\/section>\n<section class=\"section-composition-13 page-padding\">\n<div class=\"wrapper d-flex flex-column items-flex-start space-between py-80\">\n<div class=\"titles-compositon-13\"><\/div>\n<div class=\"box-list nj-list-group\">\n<div class=\"box-composition-13 d-flex flex-row items-center\">\n<div class=\"titles-cards d-flex flex-column\">\n<h2 class=\"title-mega bold title-list\"><img loading=\"lazy\" decoding=\"async\" class=\"size-full wp-image-283 aligncenter\" src=\"http:\/\/sunlinks.com.br\/wp-content\/uploads\/2025\/10\/Screenshot_561.png\" alt=\"\" width=\"1162\" height=\"716\" srcset=\"https:\/\/www.sunlinks.com.br\/wp-content\/uploads\/2025\/10\/Screenshot_561.png 1162w, https:\/\/www.sunlinks.com.br\/wp-content\/uploads\/2025\/10\/Screenshot_561-300x185.png 300w, https:\/\/www.sunlinks.com.br\/wp-content\/uploads\/2025\/10\/Screenshot_561-1024x631.png 1024w, https:\/\/www.sunlinks.com.br\/wp-content\/uploads\/2025\/10\/Screenshot_561-768x473.png 768w, https:\/\/www.sunlinks.com.br\/wp-content\/uploads\/2025\/10\/Screenshot_561-682x420.png 682w, https:\/\/www.sunlinks.com.br\/wp-content\/uploads\/2025\/10\/Screenshot_561-150x92.png 150w, https:\/\/www.sunlinks.com.br\/wp-content\/uploads\/2025\/10\/Screenshot_561-696x429.png 696w, https:\/\/www.sunlinks.com.br\/wp-content\/uploads\/2025\/10\/Screenshot_561-1068x658.png 1068w\" sizes=\"auto, (max-width: 1162px) 100vw, 1162px\" \/><\/h2>\n<\/div>\n<p>&nbsp;<\/p>\n<\/div>\n<\/div>\n<\/div>\n<\/section>\n<p><a href=\"https:\/\/www.engie.com.br\/institucional\/sobre-a-engie\/\"><img loading=\"lazy\" decoding=\"async\" class=\"alignnone size-full wp-image-322\" src=\"http:\/\/sunlinks.com.br\/wp-content\/uploads\/2026\/01\/Sunlinks-web-07.png\" alt=\"\" width=\"1125\" height=\"542\" srcset=\"https:\/\/www.sunlinks.com.br\/wp-content\/uploads\/2026\/01\/Sunlinks-web-07.png 1125w, https:\/\/www.sunlinks.com.br\/wp-content\/uploads\/2026\/01\/Sunlinks-web-07-300x145.png 300w, https:\/\/www.sunlinks.com.br\/wp-content\/uploads\/2026\/01\/Sunlinks-web-07-1024x493.png 1024w, https:\/\/www.sunlinks.com.br\/wp-content\/uploads\/2026\/01\/Sunlinks-web-07-768x370.png 768w, https:\/\/www.sunlinks.com.br\/wp-content\/uploads\/2026\/01\/Sunlinks-web-07-872x420.png 872w, https:\/\/www.sunlinks.com.br\/wp-content\/uploads\/2026\/01\/Sunlinks-web-07-150x72.png 150w, https:\/\/www.sunlinks.com.br\/wp-content\/uploads\/2026\/01\/Sunlinks-web-07-696x335.png 696w, https:\/\/www.sunlinks.com.br\/wp-content\/uploads\/2026\/01\/Sunlinks-web-07-1068x515.png 1068w\" sizes=\"auto, (max-width: 1125px) 100vw, 1125px\" \/><\/a><\/p>\n","protected":false},"excerpt":{"rendered":"<p>\u00c9 parceira de neg\u00f3cios da Engie Brasil Energia, l\u00edder em gera\u00e7\u00e3o, comercializa\u00e7\u00e3o e transmiss\u00e3o de energia el\u00e9trica renov\u00e1vel. O mundo est\u00e1 mudando, e com ele toda a nossa energia. No Brasil, a ENGIE, uma das l\u00edderes em energia renov\u00e1vel do pa\u00eds, atua em gera\u00e7\u00e3o, comercializa\u00e7\u00e3o e transmiss\u00e3o de energia el\u00e9trica, transporte de g\u00e1s e solu\u00e7\u00f5es [&hellip;]<\/p>\n","protected":false},"author":1,"featured_media":0,"parent":0,"menu_order":0,"comment_status":"closed","ping_status":"closed","template":"","meta":{"footnotes":""},"class_list":["post-219","page","type-page","status-publish"],"_links":{"self":[{"href":"https:\/\/www.sunlinks.com.br\/index.php\/wp-json\/wp\/v2\/pages\/219","targetHints":{"allow":["GET"]}}],"collection":[{"href":"https:\/\/www.sunlinks.com.br\/index.php\/wp-json\/wp\/v2\/pages"}],"about":[{"href":"https:\/\/www.sunlinks.com.br\/index.php\/wp-json\/wp\/v2\/types\/page"}],"author":[{"embeddable":true,"href":"https:\/\/www.sunlinks.com.br\/index.php\/wp-json\/wp\/v2\/users\/1"}],"replies":[{"embeddable":true,"href":"https:\/\/www.sunlinks.com.br\/index.php\/wp-json\/wp\/v2\/comments?post=219"}],"version-history":[{"count":6,"href":"https:\/\/www.sunlinks.com.br\/index.php\/wp-json\/wp\/v2\/pages\/219\/revisions"}],"predecessor-version":[{"id":323,"href":"https:\/\/www.sunlinks.com.br\/index.php\/wp-json\/wp\/v2\/pages\/219\/revisions\/323"}],"wp:attachment":[{"href":"https:\/\/www.sunlinks.com.br\/index.php\/wp-json\/wp\/v2\/media?parent=219"}],"curies":[{"name":"wp","href":"https:\/\/api.w.org\/{rel}","templated":true}]}}