{"id":224,"date":"2025-10-28T22:28:16","date_gmt":"2025-10-29T01:28:16","guid":{"rendered":"https:\/\/sunlinks.com.br\/?page_id=224"},"modified":"2025-10-28T22:28:16","modified_gmt":"2025-10-29T01:28:16","slug":"mercado-livre-de-energia","status":"publish","type":"page","link":"https:\/\/www.sunlinks.com.br\/index.php\/mercado-livre-de-energia\/","title":{"rendered":"Mercado Livre de Energia"},"content":{"rendered":"<p>O mercado livre de energia (MLE) encerrou o ano de 2024 com 26.834 novas migra\u00e7\u00f5es, um volume que supera em pelo menos tr\u00eas vezes os resultados de 2023. Trata-se da maior quantidade de migra\u00e7\u00f5es de toda a hist\u00f3ria do ML, segundo a C\u00e2mara de Comercializa\u00e7\u00e3o de Energia El\u00e9trica (CCEE). Com as migra\u00e7\u00f5es deste ano, o total do mercado livre passa a ser 39% da carga. Segundo o\u00a0<a href=\"https:\/\/www.ccee.org.br\/o\/ccee\/documentos\/CCEE_1184402\">estudo<\/a>\u00a0divulgado pela CCEE, quanto \u00e0s migra\u00e7\u00f5es por tipo de representante (varejista e n\u00e3o varejista), em 2023, de todo o mercado, apenas 15% eram varejistas. J\u00e1 em 2024 esse \u00edndice subiu para 26%.<\/p>\n<p>A principal raz\u00e3o disso \u00e9 que, desde janeiro de 2024, todos os consumidores conectados em\u00a0<a href=\"https:\/\/www.ccee.org.br\/mercado-livre-acl\">alta e m\u00e9dia tens\u00e3o<\/a>, conhecidos como Grupo A, passaram a poder optar pela migra\u00e7\u00e3o ao mercado livre. A Portaria n\u00ba 50\/2022, do Minist\u00e9rio de Minas e Energia (MME), entrou em vigor em 1\u00ba de janeiro de 2024, e foi considerada um marco na liberaliza\u00e7\u00e3o do mercado de energia no Brasil.<\/p>\n<ul class=\"wp-block-advgb-summary advgb-toc alignnone\">\n<li class=\"toc-level-2\"><a href=\"https:\/\/www.alemdaenergia.engie.com.br\/mercado-livre\/mercado-livre-de-energia-saiba-o-que-e-e-como-funciona\/#mas-afinal-o-que-e-o-mercado-livre-2d34c58e-78a8-4c4d-98cc-b65fbfea9267\">Mas afinal, o que \u00e9 o mercado livre?<\/a><\/li>\n<li class=\"toc-level-2\"><a href=\"https:\/\/www.alemdaenergia.engie.com.br\/mercado-livre\/mercado-livre-de-energia-saiba-o-que-e-e-como-funciona\/#quem-pode-comprar-no-mercado-livre-de-energia-b3bf8340-8433-4280-ae2c-033c4f18f229\">Quem pode comprar no mercado livre de energia?<\/a><\/li>\n<li class=\"toc-level-2\"><a href=\"https:\/\/www.alemdaenergia.engie.com.br\/mercado-livre\/mercado-livre-de-energia-saiba-o-que-e-e-como-funciona\/#compra-de-energia-atacadista-e-varejista-2df1518d-d225-4617-8cc4-a54b3f2f1fea\">Compra de energia atacadista e varejista<\/a><\/li>\n<li class=\"toc-level-2\"><a href=\"https:\/\/www.alemdaenergia.engie.com.br\/mercado-livre\/mercado-livre-de-energia-saiba-o-que-e-e-como-funciona\/#consumidores-de-baixa-tensao-abf22e70-6565-4813-bb6b-3a81ee76015c\">Consumidores de baixa tens\u00e3o<\/a><\/li>\n<li class=\"toc-level-2\"><a href=\"https:\/\/www.alemdaenergia.engie.com.br\/mercado-livre\/mercado-livre-de-energia-saiba-o-que-e-e-como-funciona\/#energia-e-sustentabilidade-0cf699b8-7a24-40fe-9fbf-0f4b6b670681\">Energia e sustentabilidade<\/a><\/li>\n<li class=\"toc-level-2\"><a href=\"https:\/\/www.alemdaenergia.engie.com.br\/mercado-livre\/mercado-livre-de-energia-saiba-o-que-e-e-como-funciona\/#mercado-livre-de-energia-e-o-agronegocio-0f6b2370-a7ad-41c4-ac06-f87d6746abf2\">Mercado livre de energia e o agroneg\u00f3cio<\/a><\/li>\n<li class=\"toc-level-2\"><a href=\"https:\/\/www.alemdaenergia.engie.com.br\/mercado-livre\/mercado-livre-de-energia-saiba-o-que-e-e-como-funciona\/#desempenho-do-mercado-livre-de-energia-7b1cebca-dbe2-4e3f-967f-27ee91e73439\">Desempenho do mercado livre de energia<\/a><\/li>\n<\/ul>\n<h3 id=\"mas-afinal-o-que-e-o-mercado-livre-2d34c58e-78a8-4c4d-98cc-b65fbfea9267\" class=\"wp-block-heading\"><strong>Mas afinal, o que \u00e9 o mercado livre?<\/strong><\/h3>\n<figure class=\"wp-block-image size-full\"><img loading=\"lazy\" decoding=\"async\" class=\"wp-image-1156495\" src=\"https:\/\/media.alemdaenergia.engie.com.br\/uploads\/2023\/04\/mas-afinal-o-que-e-o-mercado-livre.webp\" sizes=\"auto, (max-width: 1000px) 100vw, 1000px\" srcset=\"https:\/\/media.alemdaenergia.engie.com.br\/uploads\/2023\/04\/mas-afinal-o-que-e-o-mercado-livre.webp 1000w, https:\/\/media.alemdaenergia.engie.com.br\/uploads\/2023\/04\/mas-afinal-o-que-e-o-mercado-livre-300x200.webp 300w, https:\/\/media.alemdaenergia.engie.com.br\/uploads\/2023\/04\/mas-afinal-o-que-e-o-mercado-livre-768x512.webp 768w, https:\/\/media.alemdaenergia.engie.com.br\/uploads\/2023\/04\/mas-afinal-o-que-e-o-mercado-livre-640x427.webp 640w, https:\/\/media.alemdaenergia.engie.com.br\/uploads\/2023\/04\/mas-afinal-o-que-e-o-mercado-livre-150x100.webp 150w\" alt=\"mercado livre de energia\" width=\"1000\" height=\"667\" \/><figcaption class=\"wp-element-caption\">Foto: Shutterstock<\/figcaption><\/figure>\n<p>O mercado livre de energia \u00e9 um ambiente de neg\u00f3cios no qual vendedores e compradores podem negociar energia el\u00e9trica voluntariamente, diferentemente do mercado cativo. Em outras palavras, representa a liberdade de escolha pela energia que o consumidor vai utilizar. Esse movimento permite que os consumidores contratem um fornecedor de energia el\u00e9trica diretamente das empresas geradoras e de comercializadoras.<\/p>\n<p>Nesse ambiente, consumidores e fornecedores negociam entre si as condi\u00e7\u00f5es de contrata\u00e7\u00e3o de energia. O sistema \u00e9 diferente do mercado tradicional cativo, que funciona no Ambiente de Contrata\u00e7\u00e3o Regulada (ACR).<\/p>\n<p>O mercado livre de energia \u00e9 bastante diversificado e competitivo, principalmente entre geradores e comercializadores. Naturalmente, isso impacta na redu\u00e7\u00e3o de pre\u00e7os e aumento da efici\u00eancia dos parceiros comerciais.<\/p>\n<p>Com os pre\u00e7os estabelecidos em contratos, os consumidores livres passam a ter previsibilidade, n\u00e3o ficando mais sujeitos \u00e0s oscila\u00e7\u00f5es de pre\u00e7os, reajustes do mercado cativo e mudan\u00e7as das bandeiras tarif\u00e1rias.<\/p>\n<h3 id=\"quem-pode-comprar-no-mercado-livre-de-energia-b3bf8340-8433-4280-ae2c-033c4f18f229\" class=\"wp-block-heading\"><strong>Quem pode comprar no mercado livre de energia?<\/strong><\/h3>\n<p>Inicialmente, o Mercado Livre de Energia era voltado para grandes consumidores, mas isso vem sendo gradualmente aberto para empresas menores. Desde 1\u00ba de janeiro de 2024, os consumidores conectados em alta tens\u00e3o, conhecidos como Grupo A, passaram a poder optar pela migra\u00e7\u00e3o, de acordo com a Portaria n\u00ba 50\/2022 do Minist\u00e9rio de Minas e Energia (MME).<\/p>\n<p>\u201cA abertura do mercado livre de energia para toda a alta tens\u00e3o confirma uma tend\u00eancia que j\u00e1 esper\u00e1vamos, de uma demanda crescente da sociedade por ter mais poder de escolha na sua rela\u00e7\u00e3o com o consumo de energia el\u00e9trica. Empregamos toda a nossa excel\u00eancia para nos prepararmos para esta evolu\u00e7\u00e3o e, como resultado, conclu\u00edmos com sucesso e tranquilidade mais uma etapa hist\u00f3rica na evolu\u00e7\u00e3o do setor el\u00e9trico brasileiro\u201d,\u00a0<a href=\"https:\/\/www.ccee.org.br\/pt\/web\/guest\/-\/ccee-concluiu-volume-historico-de-migracoes-ao-mercado-livre-de-energia-em-2024#:~:text=Com%20a%20onda%20migrat%C3%B3ria%2C%20a,da%20demanda%20nacional%20por%20energia.\" target=\"_blank\" rel=\"noreferrer noopener\">afirmou<\/a>\u00a0Alexandre Ramos, Presidente do Conselho de Administra\u00e7\u00e3o da CCEE.<\/p>\n<p>A legisla\u00e7\u00e3o anterior (Lei n\u00ba 9.427\/1996) limitava a participa\u00e7\u00e3o no mercado livre a consumidores com demanda contratada superior a 500 kW. Com a nova portaria, qualquer empresa ou consumidor de alta tens\u00e3o pode escolher seu fornecedor de energia el\u00e9trica, negociando pre\u00e7os e condi\u00e7\u00f5es de contrato mais flex\u00edveis.<\/p>\n<p>Segundo a Associa\u00e7\u00e3o Brasileira dos Comercializadores de Energia (<a href=\"https:\/\/abraceel.com.br\/press-releases\/2024\/10\/mercado-livre-cresce-50-nos-ultimos-12-meses\/\" target=\"_blank\" rel=\"noreferrer noopener\">Abraceel<\/a>), a migra\u00e7\u00e3o para o mercado livre de energia pode trazer vantagens como redu\u00e7\u00e3o de custos, maior flexibilidade e previsibilidade. Al\u00e9m disso, a abertura do mercado livre contribui para a moderniza\u00e7\u00e3o do setor el\u00e9trico brasileiro, incentivando a concorr\u00eancia e a inova\u00e7\u00e3o. A associa\u00e7\u00e3o afirma que,\u00a0<a href=\"https:\/\/abraceel.com.br\/mercado-livre\/\" target=\"_blank\" rel=\"noreferrer noopener\">atualmente<\/a>, 80% da energia consumida pelas ind\u00fastrias do pa\u00eds \u00e9 adquirida no mercado livre de energia.<\/p>\n<h3 id=\"compra-de-energia-atacadista-e-varejista-2df1518d-d225-4617-8cc4-a54b3f2f1fea\" class=\"wp-block-heading\"><strong>Compra de energia atacadista e varejista<\/strong><\/h3>\n<p>No mercado livre, o consumidor adquire energia por meio de contratos de compra e venda, diretamente firmados com as empresas geradoras de energia ou com as comercializadoras. Somente os agentes autorizados pela Ag\u00eancia Nacional de Energia El\u00e9trica (Aneel) e registrados na C\u00e2mara de Comercializa\u00e7\u00e3o de Energia El\u00e9trica (CCEE) podem orientar corretamente os consumidores a migrarem para o mercado livre. Nesse caso, o consumidor do mercado livre de energia tem duas possibilidades: tornar-se um agente da CCEE, tamb\u00e9m chamado consumidor atacadista, ou ser representado por um comercializador varejista.<\/p>\n<p>No modelo de consumidor atacadista, a empresa contratante deve se associar diretamente \u00e0 CCEE (entidade respons\u00e1vel por operar o Mercado Livre de Energia), tornando-se um agente da C\u00e2mara. Dessa maneira, dever\u00e1 seguir as regras e procedimentos do setor. Isso inclui a necessidade de obter adequa\u00e7\u00e3o comercial, apresentar garantias financeiras e estar exposta aos riscos \u2013 especialmente no mercado de curto prazo.<\/p>\n<p>Na modalidade varejista, ao representar seus consumidores, \u00e9 o comercializador quem deve registrar os contratos firmados junto \u00e0 CCEE. Portanto, n\u00e3o \u00e9 necess\u00e1rio que o consumidor fa\u00e7a ades\u00e3o \u00e0 CCEE, como \u00e9 exigido no modelo atacadista.<\/p>\n<p>A\u00a0<a href=\"https:\/\/www.engie.com.br\/produtos-engie\/mercado-livre-de-energia\/?utm_source=alem-da-energia&amp;utm_medium=cta&amp;utm_campaign=migracao-mle&amp;utm_content=formulario-do-mle\" target=\"_blank\" rel=\"noreferrer noopener\">ENGIE<\/a>, por exemplo, atua como comercializadora varejista, ficando respons\u00e1vel pela intermedia\u00e7\u00e3o e obriga\u00e7\u00f5es com a CCEE. Esta contrata\u00e7\u00e3o \u00e9 indicada para empresas que buscam por mais facilidade na ades\u00e3o e pretendem obter economia com menos burocracia, pois dispensa a associa\u00e7\u00e3o junto \u00e0 CCEE, simplificando o processo.<\/p>\n<p>\u201cTemos produtos desenhados para essa migra\u00e7\u00e3o, como o\u00a0<a href=\"https:\/\/www.engie.com.br\/produtos-engie\/mercado-livre-de-energia\/?utm_source=alem-da-energia&amp;utm_medium=ancora&amp;utm_campaign=migracao-mle&amp;utm_content=formulario-do-mle\" target=\"_blank\" rel=\"noreferrer noopener\">E-conomiza<\/a>, que est\u00e1 sob a nossa estrutura varejista, mas que traz sustentabilidade e simplicidade ao cliente iniciante pois al\u00e9m de comprar energia renov\u00e1vel ele recebe todo o suporte t\u00e9cnico da ENGIE, que acompanha todo o seu processo de migra\u00e7\u00e3o, n\u00e3o havendo necessidade de ele passar a ser agente da C\u00e2mara de Comercializa\u00e7\u00e3o de Energia El\u00e9trica (CCEE)\u201d, disse Gabriel Mann dos Santos, diretor de Comercializa\u00e7\u00e3o de Energia da ENGIE, em\u00a0<a href=\"https:\/\/www.alemdaenergia.engie.com.br\/mercado-livre\/contratacao-livre-de-energia\/\">entrevista<\/a>\u00a0ao Al\u00e9m da Energia.<\/p>\n<h3 id=\"consumidores-de-baixa-tensao-abf22e70-6565-4813-bb6b-3a81ee76015c\" class=\"wp-block-heading\"><strong>Consumidores de baixa tens\u00e3o<\/strong><\/h3>\n<p>Gabriel Mann tamb\u00e9m avaliou que a abertura do mercado livre de energia para consumidores de baixa tens\u00e3o (abaixo de 500kW) deve ocorrer entre 2026 e 2028. Isso, segundo ele, deve agregar cerca de 80 milh\u00f5es de potenciais clientes, entre resid\u00eancias, com\u00e9rcios e outros estabelecimentos menores, que poder\u00e3o optar pelo mercado livre de energia.<\/p>\n<p>Segundo a Abraceel, o consumidor define sua estrat\u00e9gia de contrata\u00e7\u00e3o no mercado livre de energia, tomando as pr\u00f3prias decis\u00f5es de compra, sempre com a orienta\u00e7\u00e3o de um agente do setor.<\/p>\n<p>Os consumidores do mercado livre de energia podem optar por usar os derivativos de compra futura, funcionando como um produto do mercado financeiro ou, ainda, obter contratos de compra de energia com descontos garantidos em rela\u00e7\u00e3o \u00e0 tarifa regulada.<\/p>\n<p>O contrato pode prever um consumo flex\u00edvel como, por exemplo, uma varia\u00e7\u00e3o de 10% acima ou abaixo do total contratado. Isso reduz o risco de d\u00e9ficits ou de super\u00e1vits. As margens de flexibilidade, nesses casos, podem ser precificadas pelos vendedores.<\/p>\n<h3 id=\"energia-e-sustentabilidade-0cf699b8-7a24-40fe-9fbf-0f4b6b670681\" class=\"wp-block-heading\"><strong>Energia e sustentabilidade<\/strong><\/h3>\n<figure class=\"wp-block-image size-full\"><img loading=\"lazy\" decoding=\"async\" class=\"wp-image-1156497\" src=\"https:\/\/media.alemdaenergia.engie.com.br\/uploads\/2023\/04\/paracatu.webp\" sizes=\"auto, (max-width: 1000px) 100vw, 1000px\" srcset=\"https:\/\/media.alemdaenergia.engie.com.br\/uploads\/2023\/04\/paracatu.webp 1000w, https:\/\/media.alemdaenergia.engie.com.br\/uploads\/2023\/04\/paracatu-300x169.webp 300w, https:\/\/media.alemdaenergia.engie.com.br\/uploads\/2023\/04\/paracatu-768x432.webp 768w, https:\/\/media.alemdaenergia.engie.com.br\/uploads\/2023\/04\/paracatu-330x186.webp 330w, https:\/\/media.alemdaenergia.engie.com.br\/uploads\/2023\/04\/paracatu-410x230.webp 410w, https:\/\/media.alemdaenergia.engie.com.br\/uploads\/2023\/04\/paracatu-150x84.webp 150w\" alt=\"\" width=\"1000\" height=\"563\" \/><figcaption class=\"wp-element-caption\">Conjunto Fotovoltaico Paracatu (Foto: ENGIE Brasil)<\/figcaption><\/figure>\n<p>Al\u00e9m dos benef\u00edcios financeiros, o mercado livre de energia \u00e9 um promotor de descarboniza\u00e7\u00e3o para as empresas, pois oferece a op\u00e7\u00e3o de escolha do fornecedor e do seu tipo de gera\u00e7\u00e3o.<\/p>\n<p>Atualmente, h\u00e1 produtos comercializados no ACL que garantem a origem de fonte renov\u00e1vel. A ENGIE, por exemplo, oferece os Cr\u00e9ditos de Carbono (I-RECs), certificados que comprovam que a eletricidade consumida \u00e9 proveniente de fonte renov\u00e1vel de energia. A companhia tamb\u00e9m oferece os ENGIE-RECs, que s\u00e3o contratos de fornecimento de energia renov\u00e1vel. \u201cEsse \u00faltimo garante que a origem da gera\u00e7\u00e3o de energia prov\u00e9m das fontes hidrel\u00e9trica, solar, e\u00f3lica ou a biomassa, agregando atributos socioambientais para os clientes\u201d, explicou Gabriel Mann.<\/p>\n<h3 id=\"mercado-livre-de-energia-e-o-agronegocio-0f6b2370-a7ad-41c4-ac06-f87d6746abf2\" class=\"wp-block-heading\"><strong>Mercado livre de energia e o agroneg\u00f3cio<\/strong><\/h3>\n<figure class=\"wp-block-image size-full\"><img loading=\"lazy\" decoding=\"async\" class=\"wp-image-1156498\" src=\"https:\/\/media.alemdaenergia.engie.com.br\/uploads\/2023\/04\/mercado-livre-e-o-agronegocio.webp\" sizes=\"auto, (max-width: 1000px) 100vw, 1000px\" srcset=\"https:\/\/media.alemdaenergia.engie.com.br\/uploads\/2023\/04\/mercado-livre-e-o-agronegocio.webp 1000w, https:\/\/media.alemdaenergia.engie.com.br\/uploads\/2023\/04\/mercado-livre-e-o-agronegocio-300x200.webp 300w, https:\/\/media.alemdaenergia.engie.com.br\/uploads\/2023\/04\/mercado-livre-e-o-agronegocio-768x512.webp 768w, https:\/\/media.alemdaenergia.engie.com.br\/uploads\/2023\/04\/mercado-livre-e-o-agronegocio-640x427.webp 640w, https:\/\/media.alemdaenergia.engie.com.br\/uploads\/2023\/04\/mercado-livre-e-o-agronegocio-150x100.webp 150w\" alt=\"\" width=\"1000\" height=\"667\" \/><figcaption class=\"wp-element-caption\">Foto: Shutterstock<\/figcaption><\/figure>\n<p>Apesar de n\u00e3o haver uma formata\u00e7\u00e3o de contrato espec\u00edfica para o agroneg\u00f3cio, h\u00e1 especificidades. Para esse tipo de cliente, o contrato tem de ser mais flex\u00edvel, pois ele precisa ter op\u00e7\u00f5es contratuais que possibilitem agregar varia\u00e7\u00f5es de consumo e demanda.<\/p>\n<p>A flexibilidade contratual vai depender do tipo de produ\u00e7\u00e3o, mas h\u00e1 flexibilidade mensal, anual e ainda \u00e9 poss\u00edvel incluir a op\u00e7\u00e3o de sazonaliza\u00e7\u00e3o, que pode ser bem interessante para o produtor rural.<\/p>\n<h3 id=\"desempenho-do-mercado-livre-de-energia-7b1cebca-dbe2-4e3f-967f-27ee91e73439\" class=\"wp-block-heading\"><strong>Desempenho do mercado livre de energia<\/strong><\/h3>\n<p>Em 2024, a energia comercializada no Mercado Livre de Energia veio de diversas fontes, incluindo renov\u00e1veis (h\u00eddrica, e\u00f3lica e solar) e n\u00e3o renov\u00e1veis (t\u00e9rmica). As fontes renov\u00e1veis t\u00eam ganhado destaque devido \u00e0 sustentabilidade, competitividade e disponibilidade. A tend\u00eancia \u00e9 de que a participa\u00e7\u00e3o das energias limpas continue a crescer nos pr\u00f3ximos anos, consolidando o Mercado Livre de Energia como um importante motor para a transi\u00e7\u00e3o energ\u00e9tica no Brasil.De acordo com a Abraceel, o mercado livre\u00a0<a href=\"https:\/\/abraceel.com.br\/wp-content\/uploads\/2025\/02\/Bboletim-da-Energia-Livre-fev25.-vf.pdf\" target=\"_blank\" rel=\"noreferrer noopener\" data-lf-fd-inspected-3p1w24d0nmz4my5n=\"true\">comercializou<\/a>, apenas em dezembro de 2024, 86% de energia gerada por usinas a biomassa, 57% por pequenas centrais hidrel\u00e9tricas, 61% por usinas e\u00f3licas e 85% por sistemas solares centralizados. No total, isso representa a absor\u00e7\u00e3o de 66% da gera\u00e7\u00e3o de energia de fontes renov\u00e1veis incentivadas no Brasil, um crescimento de 28% em 12 meses.<\/p>\n","protected":false},"excerpt":{"rendered":"<p>O mercado livre de energia (MLE) encerrou o ano de 2024 com 26.834 novas migra\u00e7\u00f5es, um volume que supera em pelo menos tr\u00eas vezes os resultados de 2023. Trata-se da maior quantidade de migra\u00e7\u00f5es de toda a hist\u00f3ria do ML, segundo a C\u00e2mara de Comercializa\u00e7\u00e3o de Energia El\u00e9trica (CCEE). Com as migra\u00e7\u00f5es deste ano, o [&hellip;]<\/p>\n","protected":false},"author":1,"featured_media":0,"parent":0,"menu_order":0,"comment_status":"closed","ping_status":"closed","template":"","meta":{"footnotes":""},"class_list":["post-224","page","type-page","status-publish"],"_links":{"self":[{"href":"https:\/\/www.sunlinks.com.br\/index.php\/wp-json\/wp\/v2\/pages\/224","targetHints":{"allow":["GET"]}}],"collection":[{"href":"https:\/\/www.sunlinks.com.br\/index.php\/wp-json\/wp\/v2\/pages"}],"about":[{"href":"https:\/\/www.sunlinks.com.br\/index.php\/wp-json\/wp\/v2\/types\/page"}],"author":[{"embeddable":true,"href":"https:\/\/www.sunlinks.com.br\/index.php\/wp-json\/wp\/v2\/users\/1"}],"replies":[{"embeddable":true,"href":"https:\/\/www.sunlinks.com.br\/index.php\/wp-json\/wp\/v2\/comments?post=224"}],"version-history":[{"count":1,"href":"https:\/\/www.sunlinks.com.br\/index.php\/wp-json\/wp\/v2\/pages\/224\/revisions"}],"predecessor-version":[{"id":225,"href":"https:\/\/www.sunlinks.com.br\/index.php\/wp-json\/wp\/v2\/pages\/224\/revisions\/225"}],"wp:attachment":[{"href":"https:\/\/www.sunlinks.com.br\/index.php\/wp-json\/wp\/v2\/media?parent=224"}],"curies":[{"name":"wp","href":"https:\/\/api.w.org\/{rel}","templated":true}]}}