{"id":231,"date":"2025-10-28T22:35:01","date_gmt":"2025-10-29T01:35:01","guid":{"rendered":"https:\/\/sunlinks.com.br\/?page_id=231"},"modified":"2026-01-07T15:43:34","modified_gmt":"2026-01-07T18:43:34","slug":"contato","status":"publish","type":"page","link":"https:\/\/www.sunlinks.com.br\/index.php\/contato\/","title":{"rendered":"Contato"},"content":{"rendered":"<h2 class=\"zPwwoMgxzJKLCmeqORQvBnkeJROFuwCCNOIQPqY\">Vis\u00e3o geral<\/h2>\n<p class=\"break-words white-space-pre-wrap t-black--light text-body-medium\">Somos especialistas em Mercado Livre de Energia e Parceiro de Neg\u00f3cios da Engie Brasil Energia, empresa l\u00edder em gera\u00e7\u00e3o, comercializa\u00e7\u00e3o e transmiss\u00e3o de energia el\u00e9trica com recursos renov\u00e1veis no pa\u00eds.<\/p>\n<h4 class=\"title-hecto text-center\" style=\"text-align: center;\"><img loading=\"lazy\" decoding=\"async\" class=\"alignnone wp-image-338\" src=\"http:\/\/sunlinks.com.br\/wp-content\/uploads\/2026\/01\/Sunlinks-web-10-1.png\" alt=\"\" width=\"496\" height=\"87\" srcset=\"https:\/\/www.sunlinks.com.br\/wp-content\/uploads\/2026\/01\/Sunlinks-web-10-1.png 696w, https:\/\/www.sunlinks.com.br\/wp-content\/uploads\/2026\/01\/Sunlinks-web-10-1-300x53.png 300w, https:\/\/www.sunlinks.com.br\/wp-content\/uploads\/2026\/01\/Sunlinks-web-10-1-150x26.png 150w\" sizes=\"auto, (max-width: 496px) 100vw, 496px\" \/><\/h4>\n<p style=\"text-align: center;\">Clique aqui:<br \/>\n<a href=\"https:\/\/docs.google.com\/forms\/d\/e\/1FAIpQLScNWio5hcVwnYwa-13_GH8m1J9lLy_JkqOEmkkBbjxzazsLOg\/viewform?usp=header\"><img loading=\"lazy\" decoding=\"async\" class=\"alignnone wp-image-339\" src=\"http:\/\/sunlinks.com.br\/wp-content\/uploads\/2026\/01\/Sunlinks-web-11.png\" alt=\"\" width=\"263\" height=\"61\" srcset=\"https:\/\/www.sunlinks.com.br\/wp-content\/uploads\/2026\/01\/Sunlinks-web-11.png 659w, https:\/\/www.sunlinks.com.br\/wp-content\/uploads\/2026\/01\/Sunlinks-web-11-300x70.png 300w, https:\/\/www.sunlinks.com.br\/wp-content\/uploads\/2026\/01\/Sunlinks-web-11-150x35.png 150w\" sizes=\"auto, (max-width: 263px) 100vw, 263px\" \/><\/a><\/p>\n<p>&nbsp;<\/p>\n<p>&nbsp;<\/p>\n<p><a href=\"https:\/\/wa.me\/5585991184068?text=Ol%C3%A1,%20gostaria%20de%20mais%20informa%C3%A7%C3%B5es%20sobre%20energia%20solar.\"><img loading=\"lazy\" decoding=\"async\" class=\"alignnone wp-image-326\" src=\"http:\/\/sunlinks.com.br\/wp-content\/uploads\/2026\/01\/Sunlinks-web-08.png\" alt=\"\" width=\"437\" height=\"115\" srcset=\"https:\/\/www.sunlinks.com.br\/wp-content\/uploads\/2026\/01\/Sunlinks-web-08.png 612w, https:\/\/www.sunlinks.com.br\/wp-content\/uploads\/2026\/01\/Sunlinks-web-08-300x79.png 300w, https:\/\/www.sunlinks.com.br\/wp-content\/uploads\/2026\/01\/Sunlinks-web-08-150x39.png 150w\" sizes=\"auto, (max-width: 437px) 100vw, 437px\" \/><\/a><\/p>\n<p><a href=\"https:\/\/www.instagram.com\/sunlinks.representacoes\/\"><img loading=\"lazy\" decoding=\"async\" class=\"alignnone wp-image-325\" src=\"http:\/\/sunlinks.com.br\/wp-content\/uploads\/2026\/01\/Sunlinks-web-09.png\" alt=\"\" width=\"530\" height=\"64\" srcset=\"https:\/\/www.sunlinks.com.br\/wp-content\/uploads\/2026\/01\/Sunlinks-web-09.png 807w, https:\/\/www.sunlinks.com.br\/wp-content\/uploads\/2026\/01\/Sunlinks-web-09-300x36.png 300w, https:\/\/www.sunlinks.com.br\/wp-content\/uploads\/2026\/01\/Sunlinks-web-09-768x92.png 768w, https:\/\/www.sunlinks.com.br\/wp-content\/uploads\/2026\/01\/Sunlinks-web-09-150x18.png 150w, https:\/\/www.sunlinks.com.br\/wp-content\/uploads\/2026\/01\/Sunlinks-web-09-696x84.png 696w\" sizes=\"auto, (max-width: 530px) 100vw, 530px\" \/><\/a><\/p>\n","protected":false},"excerpt":{"rendered":"<p>Vis\u00e3o geral Somos especialistas em Mercado Livre de Energia e Parceiro de Neg\u00f3cios da Engie Brasil Energia, empresa l\u00edder em gera\u00e7\u00e3o, comercializa\u00e7\u00e3o e transmiss\u00e3o de energia el\u00e9trica com recursos renov\u00e1veis no pa\u00eds. Clique aqui: &nbsp; &nbsp;<\/p>\n","protected":false},"author":1,"featured_media":0,"parent":0,"menu_order":0,"comment_status":"closed","ping_status":"closed","template":"","meta":{"footnotes":""},"class_list":["post-231","page","type-page","status-publish"],"_links":{"self":[{"href":"https:\/\/www.sunlinks.com.br\/index.php\/wp-json\/wp\/v2\/pages\/231","targetHints":{"allow":["GET"]}}],"collection":[{"href":"https:\/\/www.sunlinks.com.br\/index.php\/wp-json\/wp\/v2\/pages"}],"about":[{"href":"https:\/\/www.sunlinks.com.br\/index.php\/wp-json\/wp\/v2\/types\/page"}],"author":[{"embeddable":true,"href":"https:\/\/www.sunlinks.com.br\/index.php\/wp-json\/wp\/v2\/users\/1"}],"replies":[{"embeddable":true,"href":"https:\/\/www.sunlinks.com.br\/index.php\/wp-json\/wp\/v2\/comments?post=231"}],"version-history":[{"count":4,"href":"https:\/\/www.sunlinks.com.br\/index.php\/wp-json\/wp\/v2\/pages\/231\/revisions"}],"predecessor-version":[{"id":343,"href":"https:\/\/www.sunlinks.com.br\/index.php\/wp-json\/wp\/v2\/pages\/231\/revisions\/343"}],"wp:attachment":[{"href":"https:\/\/www.sunlinks.com.br\/index.php\/wp-json\/wp\/v2\/media?parent=231"}],"curies":[{"name":"wp","href":"https:\/\/api.w.org\/{rel}","templated":true}]}}